{"id":1054,"date":"2018-11-21T12:06:50","date_gmt":"2018-11-21T10:06:50","guid":{"rendered":"https:\/\/ceccararad.ro\/ro\/?page_id=1054"},"modified":"2021-04-16T10:38:16","modified_gmt":"2021-04-16T08:38:16","slug":"taxe-si-cotizatii-2","status":"publish","type":"page","link":"https:\/\/ceccarcovasna.ro\/ro\/membri\/sunt-membru-ceccar\/taxe-si-cotizatii-2\/","title":{"rendered":"Obtinere viza"},"content":{"rendered":"<section   class=\"fw-main-row  auto  fw-section-position-back\"    >\n\t\t\t<div class=\"fw-container\" >\n\t\t<div class=\"fw-row\">\n\t<div id=\"column-69e4ccab7b8cf\" class=\"fw-col-sm-12 tf-sh-4bf7de7076824fb4c351a6d1039d0743\" >\n\t<div class=\"fw-wrap-col-inner clearfix  \"   >\n\t\t\t\t<div class=\"fw-col-inner\">\n\t\t\t<div class=\"fw-text-box tf-sh-b4a496c23a94b122350f1c9e2210e50c \" >\n\t<div class=\"fw-text-inner\">\n\t\t<p><strong><span style=\"font-size: 12pt;\">Informa\u021bii ob\u021binere viz\u0103, taxe \u0219i cotiza\u021bii profesionale<br \/><\/span><\/strong><\/p>\n\t<\/div>\n<\/div><div class=\"fw-divider-space space-sm  clearfix\"  ><\/div><div class=\"tf-sh-435841a89aa1e8b5e1a52a967d0eb145 fw-tabs fw-tabs-minimal fw-tabs-top \" >\n\t<ul class=\"nav nav-tabs nav-justified\">\n\t\t\t\t\t<li class=\"active\">\n\t\t\t\t<a href=\"#tab-cont-435841a89aa1e8b5e1a52a967d0eb145-1\" data-toggle=\"tab\">\n\t\t\t\t\t\n\t\t\t\t\t\t\t\t\t\t<span>Taxele de \u00eenscriere \u00een Tabloul Corpului <\/span>\n\t\t\t\t<\/a>\n\t\t\t<\/li>\n\t\t\t\t\t\t\t\t<li >\n\t\t\t\t<a href=\"#tab-cont-435841a89aa1e8b5e1a52a967d0eb145-2\" data-toggle=\"tab\">\n\t\t\t\t\t\n\t\t\t\t\t\t\t\t\t\t<span>Cotizatii profesionale anuale<\/span>\n\t\t\t\t<\/a>\n\t\t\t<\/li>\n\t\t\t\t\t\t\t\t<li >\n\t\t\t\t<a href=\"#tab-cont-435841a89aa1e8b5e1a52a967d0eb145-3\" data-toggle=\"tab\">\n\t\t\t\t\t\n\t\t\t\t\t\t\t\t\t\t<span>Declaratii necesare obtinerii vizei<\/span>\n\t\t\t\t<\/a>\n\t\t\t<\/li>\n\t\t\t\t\t\t\t\t<li >\n\t\t\t\t<a href=\"#tab-cont-435841a89aa1e8b5e1a52a967d0eb145-4\" data-toggle=\"tab\">\n\t\t\t\t\t\n\t\t\t\t\t\t\t\t\t\t<span>Rapoarte anuale de activitate<\/span>\n\t\t\t\t<\/a>\n\t\t\t<\/li>\n\t\t\t\t\t\t\t\t<li >\n\t\t\t\t<a href=\"#tab-cont-435841a89aa1e8b5e1a52a967d0eb145-5\" data-toggle=\"tab\">\n\t\t\t\t\t\n\t\t\t\t\t\t\t\t\t\t<span>Reglement\u0103ri privind acordarea vizei \u015fi plata cotiza\u0163iilor profesionale<\/span>\n\t\t\t\t<\/a>\n\t\t\t<\/li>\n\t\t\t\t\t\t<\/ul>\n\n\t<div class=\"tab-content clearfix\">\n\t\t\t\t\t<div id=\"tab-cont-435841a89aa1e8b5e1a52a967d0eb145-1\"\n\t\t\t     class=\"tab-pane fade in active\">\n\t\t\t\t\n\t\t\t\t\t\t\t\t\t<ul><li style=\"text-align: justify;\">exper\u021bi contabili: 40 Euro<\/li><li style=\"text-align: justify;\">contabili autoriza\u021bi: 20 Euro<\/li><li style=\"text-align: justify;\">societ\u0103\u021bi expertiz\u0103 cu capital autohton: 150 Euro<\/li><li style=\"text-align: justify;\">societ\u0103\u021bi de contabilitate cu capital autohton: 125 Euro<\/li><li style=\"text-align: justify;\">societ\u0103\u021bi cu capital mixt: 400 Euro<\/li><li style=\"text-align: justify;\">societ\u0103\u021bi cu capital str\u0103in: 500 Euro<\/li><\/ul>\t\t\t\t\t\t\t<\/div>\n\t\t\t\t\t\t<div id=\"tab-cont-435841a89aa1e8b5e1a52a967d0eb145-2\"\n\t\t\t     class=\"tab-pane fade \">\n\t\t\t\t\n\t\t\t\t\t\t\t\t\t<table width=\"984\"><tbody><tr><td style=\"text-align: center;\" width=\"666\"><strong>COTIZATII PROFESIONALE<\/strong><\/td><td style=\"text-align: center;\" width=\"90\"><strong>Cuantumul cotizatiilor la plata integrala pana la <\/strong><strong>28 februarie 2020<\/strong><\/td><td style=\"text-align: center;\" width=\"108\"><strong>Cuantumul cotizatiilor la plata integrala in perioada 01.03.2020 - <\/strong><strong>30 09.2020<\/strong><\/td><td style=\"text-align: center;\" width=\"120\"><strong>Penalitati calculate la soldul din cotizatia fixa in perioada 01.10.2020 - 31.12.2020<\/strong><\/td><\/tr><tr><td width=\"666\"><strong>Experti contabili \u2013 cotizatii fixe<\/strong><\/td><td width=\"90\">&nbsp;<\/td><td width=\"108\">&nbsp;<\/td><td rowspan=\"19\" width=\"120\">&nbsp;<\/p><p>&nbsp;<\/p><p>&nbsp;<\/p><p>&nbsp;<\/p><p>&nbsp;<\/p><p>&nbsp;<\/p><p>&nbsp;<\/p><p>&nbsp;<\/p><p>&nbsp;<\/p><p>&nbsp;<\/p><p>&nbsp;<\/p><p style=\"text-align: center;\">Penalitate 25% calculata la soldul cotizatiei fixe la 30 septembrie<\/p><\/td><\/tr><tr><td width=\"666\">Liber profesionisti (cu viza si parafa)<\/td><td style=\"text-align: center;\" width=\"90\">700<\/td><td style=\"text-align: center;\" width=\"108\">800<\/td><\/tr><tr><td width=\"666\">Angajati in alte entitati decat cele membre CECCAR, care <strong>nu<\/strong> exercita profesia (fara viza si fara parafa)<\/td><td style=\"text-align: center;\" width=\"90\">500<\/td><td style=\"text-align: center;\" width=\"108\">600<\/td><\/tr><tr><td width=\"666\">Administratori\/asociati in societati membre CECCAR, care exercita profesia atat individual cat si prin societate (cu viza si parafa)<\/td><td style=\"text-align: center;\" width=\"90\">600<\/td><td style=\"text-align: center;\" width=\"108\">800<\/td><\/tr><tr><td width=\"666\">Administratori\/asociati in societati membre CECCAR care <strong>nu <\/strong>exercita individual profesia, ci numai prin societate (cu viza si fara parafa)<\/td><td style=\"text-align: center;\" width=\"90\">500<\/td><td style=\"text-align: center;\" width=\"108\">600<\/td><\/tr><tr><td width=\"666\">Angajati in societati membre CECCAR cu norma intreaga, care exercita si individual profesia (cu viza si parafa)<\/td><td style=\"text-align: center;\" width=\"90\">700<\/td><td style=\"text-align: center;\" width=\"108\">800<\/td><\/tr><tr><td width=\"666\">Angajati in societati membre CECCAR cu norma intreaga care <strong>nu<\/strong> exercita individual profesia (fara viza si fara parafa)<\/td><td style=\"text-align: center;\" width=\"90\">400<\/td><td style=\"text-align: center;\" width=\"108\">500<\/td><\/tr><tr><td width=\"666\"><strong>Contabili autorizati\u2013 cotizatii fixe<\/strong><\/td><td style=\"text-align: center;\" width=\"90\">&nbsp;<\/td><td style=\"text-align: center;\" width=\"108\">&nbsp;<\/td><\/tr><tr><td width=\"666\">Liber profesionisti (cu viza si parafa)<\/td><td style=\"text-align: center;\" width=\"90\">570<\/td><td style=\"text-align: center;\" width=\"108\">670<\/td><\/tr><tr><td width=\"666\">Angajati in alte entitati decat cele membre CECCAR, care <strong>nu<\/strong> exercita profesia (fara viza si fara parafa)<\/td><td style=\"text-align: center;\" width=\"90\">300<\/td><td style=\"text-align: center;\" width=\"108\">400<\/td><\/tr><tr><td width=\"666\">Administratori\/asociati in societati membre CECCAR, care exercita profesia atat individual cat si prin societate (cu viza si parafa)<\/td><td style=\"text-align: center;\" width=\"90\">570<\/td><td style=\"text-align: center;\" width=\"108\">670<\/td><\/tr><tr><td width=\"666\">Administratori\/asociati in societati membre CECCAR care <strong>nu <\/strong>exercita individual profesia, ci numai prin societate (cu viza si fara parafa)<\/td><td style=\"text-align: center;\" width=\"90\">300<\/td><td style=\"text-align: center;\" width=\"108\">400<\/td><\/tr><tr><td width=\"666\">Angajati in societati membre CECCAR cu norma intreaga, care exercita si individual profesia (cu viza si parafa)<\/td><td style=\"text-align: center;\" width=\"90\">570<\/td><td style=\"text-align: center;\" width=\"108\">670<\/td><\/tr><tr><td width=\"666\">Angajati in societati membre CECCAR cu norma intreaga care <strong>nu<\/strong> exercita individual profesia (fara viza si fara parafa)<\/td><td style=\"text-align: center;\" width=\"90\">250<\/td><td style=\"text-align: center;\" width=\"108\">350<\/td><\/tr><tr><td width=\"666\"><strong>Societati de expertiza contabila si societati de contabilitate \u2013 cotizatii fixe<\/strong><\/td><td style=\"text-align: center;\" width=\"90\">&nbsp;<\/td><td style=\"text-align: center;\" width=\"108\">&nbsp;<\/td><\/tr><tr><td width=\"666\">Cu cifra totala de afaceri sub 100.000 euro<\/td><td style=\"text-align: center;\" width=\"90\">700<\/td><td style=\"text-align: center;\" width=\"108\">700<\/td><\/tr><tr><td width=\"666\">Cu cifra totala de afaceri peste 100.000 euro<\/td><td style=\"text-align: center;\" width=\"90\">800<\/td><td style=\"text-align: center;\" width=\"108\">800<\/td><\/tr><tr><td width=\"666\">Experti contabili si contabili autorizati inactivi \u2013 prezentare anuala adeverinta de incadrare in lege speciala (imposibilitate practicare profesie)<\/td><td style=\"text-align: center;\" width=\"90\">150<\/td><td style=\"text-align: center;\" width=\"108\">250<\/td><\/tr><tr><td width=\"666\">Membri aflati in concediu de crestere copil, a concediului de acomodare a minorului sau detasare\/angajare in strainatate \u2013 prezentare documentatie necesara de incadrare in aceasta categorie<\/td><td style=\"text-align: center;\" width=\"90\">150<\/td><td style=\"text-align: center;\" width=\"108\">250<\/td><\/tr><tr><td width=\"666\">Cotizatia variabila experti contabili, contabili autorizati si societati<\/td><td style=\"text-align: center;\" width=\"90\">0.80%<\/td><td style=\"text-align: center;\" width=\"108\">1.20%<\/td><td width=\"120\">&nbsp;<\/td><\/tr><tr><td colspan=\"4\" width=\"984\">Membri de onoare\/Presedintii de onoare sunt scutiti de cotizatia fixa doar daca acestia nu-si exercita profesia ca individual sau prin intermediul unei societati de expertiza sau societati de contabilitate cu viza anuala de exercitare a profesiei<\/td><\/tr><tr><td colspan=\"4\" width=\"984\">In cazul in care membrii Corpului \u2013persoane fizice, societati de expertiza contabila si societati de contabilitate, nu depun Declaratia privind modul de exercitare a profesiei pe anul in curs pana la 30 septembrie a anului curent, acestia vor fi debitati cu urmatoarele cotizatii:<\/p><p>-800 lei\/an pentru persoanele fizice;<\/p><p>-800 lei\/an pentru persoanele juridice, societati de contabilitate sau societati de expertiza contabila.<\/p><p>Suplimentar fata de sumele de mai sus se vor calcula penalitati de 25 %.<\/td><\/tr><tr><td colspan=\"4\" width=\"984\"><strong>Membri experti contabili si contabili autorizati care achita cotizatia fixa anuala, beneficiaza gratuit, doar pentru anul aferent cotizatiei, de cursurile de pregatire profesionala continua.<\/strong><\/td><\/tr><\/tbody><\/table>\t\t\t\t\t\t\t<\/div>\n\t\t\t\t\t\t<div id=\"tab-cont-435841a89aa1e8b5e1a52a967d0eb145-3\"\n\t\t\t     class=\"tab-pane fade \">\n\t\t\t\t\n\t\t\t\t\t\t\t\t\t<ul><li><a href=\"https:\/\/ceccarcovasna.ro\/ro\/wp-content\/uploads\/2019\/11\/13-PF-DeclaratieAsigurareProfesionala.pdf\">Declaratie privind polita de asigurare<\/a><\/li><li><a href=\"https:\/\/ceccarcovasna.ro\/ro\/wp-content\/uploads\/2019\/03\/Declaratie-cazier.pdf\" target=\"_blank\" rel=\"noopener\">Declaratie cazier<\/a><\/li><li><a href=\"https:\/\/ceccarcovasna.ro\/ro\/wp-content\/uploads\/2019\/03\/Declaratie-capacitate-deplina.pdf\" target=\"_blank\" rel=\"noopener\">Declaratie de capacitate de exercitiu deplina<\/a><\/li><\/ul>\t\t\t\t\t\t\t<\/div>\n\t\t\t\t\t\t<div id=\"tab-cont-435841a89aa1e8b5e1a52a967d0eb145-4\"\n\t\t\t     class=\"tab-pane fade \">\n\t\t\t\t\n\t\t\t\t\t\t\t\t\t<header class=\"entry-header\"><h5 class=\"entry-title\"><span style=\"font-size: 14pt;\">Raport anual de activitate pentru anul 2020<\/span><\/h5><\/header><div class=\"entry-content clearfix\"><div class=\"fw-page-builder-content\"><section class=\"fw-main-row auto fw-section-position-back\"><div class=\"fw-container\"><div class=\"fw-row\"><div id=\"column-60794bd9cbf7e\" class=\"fw-col-sm-8 tf-sh-c73d4d16003989b30c313fe545cd6b6e\"><div class=\"fw-wrap-col-inner clearfix \"><div class=\"fw-col-inner\"><div class=\"fw-text-box tf-sh-4cf07d80622e52b6afa4873dddb32805 \"><div class=\"fw-text-inner\"><p><strong>Raportul anual de activitate pentru anul 2020<\/strong>\u00a0se va completa electronic \u0219i se va depune exclusiv on-line in platforma\u00a0<u>raport.ceccar.ro<\/u>, utiliz\u00e2nd datele de conectare (user \u0219i parola).<\/p><p>Raportul anual de activitate pe anul 2020 se completeaz\u0103 de c\u0103tre\u00a0<strong>to\u021bi membri filialei afla\u021bi \u00een eviden\u021b\u0103<\/strong>, persoane fizice (EC, CA, membrii inactivi, membrii afla\u021bi \u00een\u00a0 imposibilitatea exercit\u0103rii profesiei, etc.) \u0219i persoane juridice (societ\u0103\u021bi de expertiz\u0103 \u0219i de contabilitate).<\/p><p>Raportul se consider\u0103 \u00eenc\u0103rcat dup\u0103 finalizarea tuturor pa\u0219ilor \u0219i emiterea confirm\u0103rii de \u00eenc\u0103rcare.<\/p><p><strong>Termen: 28 februarie 2021<\/strong><\/p><p>&nbsp;<\/p><p><a href=\"https:\/\/ceccarcovasna.ro\/ro\/wp-content\/uploads\/2021\/02\/Instructiuni-RAA-2020-PF.pdf\"><strong><u>PA\u0218II DE URMAT PENTRU DEPUNEREA RAPORTULUI DE ACTIVITATE 2020 - PERSOANE FIZICE<\/u><\/strong><\/a><\/p><p><a href=\"https:\/\/ceccarcovasna.ro\/ro\/wp-content\/uploads\/2021\/02\/Instructiuni-RAA-2020-PJ.pdf\"><strong><u>PA\u0218II DE URMAT PENTRU DEPUNEREA RAPORTULUI DE ACTIVITATE 2020 - PERSOANE JURIDICE<\/u><\/strong><\/a><\/p><\/div><\/div><\/div><\/div><\/div><\/div><\/div><\/section><\/div><\/div><p>&nbsp;<\/p><p>&nbsp;<\/p><p>&nbsp;<\/p><h5 class=\"entry-title\"><span style=\"font-size: 14pt;\">Raport anual de activitate pentru anul 2019<\/span><\/h5><p style=\"text-align: justify;\"><strong>Raportul anual de activitate pe anul 2019<\/strong> se completeaz\u0103 de c\u0103tre to\u021bi membri filialei afla\u021bi \u00een eviden\u021b\u0103, persoane fizice (EC, CA, membrii inactivi, membrii afla\u021bi \u00een imposibilitatea exercit\u0103rii profesiei, etc.) \u0219i juridice.<\/p><p style=\"text-align: justify;\">\u00cen vederea acces\u0103rii \u0219i complet\u0103rii raportului, trebuie s\u0103 utiliza\u021bi numele de utilizator \u0219i parola care a fost comunicat de c\u0103tre Aparatul Central la \u00eenceputul anului 2018 iar pentru societ\u0103\u021bile \u00eenfiin\u021bate \/ persoanele fizice \u00eenscrise \u00een Tablou \u00een anul 2019 de c\u0103tre Filiala Covasna.<\/p><p style=\"text-align: justify;\">Formularul <strong>Raport de activitate pentru anul 2019<\/strong> se va completa electronic \u0219i\u00a0<strong>se va depune exclusiv on-line \u00een platforma <a href=\"https:\/\/raport.ceccar.ro\">raport.ceccar.ro.<\/a><\/strong> Raportul se consider\u0103 \u00eenc\u0103rcat dup\u0103 finalizarea tuturor pa\u0219ilor \u0219i emiterea confirm\u0103rii de \u00eenc\u0103rcare.<\/p><p style=\"text-align: justify;\">Cotiza\u021biile se genereaz\u0103 automat prin Nota de plat\u0103 din raportul de activitate, \u00een func\u021bie de categoria profesional\u0103 declarat\u0103 de fiecare membru.<\/p><p style=\"text-align: justify;\"><strong>V\u0103 inform\u0103m c\u0103 rapoartele depuse fizic la CECCAR Filiala Covasna, transmise prin e-mail sau prin Po\u0219ta Rom\u00e2n\u0103 \/ curier nu vor fi luate \u00een considerare.<\/strong><\/p><p style=\"text-align: justify;\">Men\u021bion\u0103m c\u0103 membrii care nu \u0219i-au depus Raportul de activitate pentru anii preceden\u021bi pe platforma raport.ceccar.ro, vor putea \u00eenc\u0103rca Raportul de activitate pentru anul 2019, doar dup\u0103 \u00eenc\u0103rcarea\u00a0 \u00a0Raportului de activitate pe anii preceden\u021bi.<\/p><p style=\"text-align: justify;\"><strong>Termenul limit\u0103 de transmitere a raportului de activitate este 28 februarie 2020.<\/strong><\/p><p style=\"text-align: justify;\">Administratorii\/Asociatii din cadrul societatilor autorizate trebuie sa depuna Raport de activitate atat\u00a0pe societate cat si ca persoana fizica!<\/p><p style=\"text-align: justify;\">Pentru orice eventual\u0103 problem\u0103 \u00eent\u00e2mpinat\u0103 v\u0103 rug\u0103m s\u0103 v\u0103 adresa\u021bi exclusiv pe adresa de e-mail <a href=\"mailto:raport@ceccarcovasna.ro\">raport@ceccarcovasna.ro<\/a>, pus\u0103 la dispozi\u021bie de Filiala Covasna. Toate situa\u021biile vor fi analizate \u0219i rezolvate \u00een cel mai scurt timp posibil.<\/p>\t\t\t\t\t\t\t<\/div>\n\t\t\t\t\t\t<div id=\"tab-cont-435841a89aa1e8b5e1a52a967d0eb145-5\"\n\t\t\t     class=\"tab-pane fade \">\n\t\t\t\t\n\t\t\t\t\t\t\t\t\t<ul><li><a href=\"https:\/\/ceccar.ro\/ro\/wp-content\/uploads\/2019\/06\/Metodologia-de-acordare-a-vizei-anuale-pentru-exercitarea-profesiei-2019.pdf\">Metodologia de acordare a vizei anuale pentru exercitarea profesiei \u2013 2019<\/a><\/li><li><a href=\"https:\/\/ceccar.ro\/ro\/wp-content\/uploads\/2021\/02\/Sistemul-de-cotizatii-al-CECCAR-16.12.2020.pdf\">Sistemul de cotiza\u0163ii \u00een cadrul CECCAR - 2020<\/a><\/li><li><a href=\"https:\/\/ceccarcovasna.ro\/ro\/wp-content\/uploads\/2019\/11\/Metodolog_stabilire-cotizatii-membru.pdf\">Metodologia de stabilire a cotiza\u0163iilor de membru<\/a><\/li><\/ul>\t\t\t\t\t\t\t<\/div>\n\t\t\t\t<\/div>\n<\/div><div class=\"fw-divider-space space-sm  clearfix\"  ><\/div>\t\t<\/div>\n\t<\/div>\n<\/div><\/div>\n\n\t<\/div>\n\t<\/section>\n","protected":false},"excerpt":{"rendered":"<p>Informa\u021bii ob\u021binere viz\u0103, taxe \u0219i cotiza\u021bii profesionale Taxele de \u00eenscriere \u00een Tabloul Corpului Cotizatii profesionale anuale Declaratii necesare obtinerii vizei Rapoarte anuale de activitate Reglement\u0103ri privind acordarea vizei \u015fi plata cotiza\u0163iilor profesionale exper\u021bi contabili: 40 [&hellip;]<\/p>\n","protected":false},"author":1,"featured_media":0,"parent":310,"menu_order":0,"comment_status":"closed","ping_status":"closed","template":"visual-builder-template.php","meta":{"footnotes":""},"class_list":["post-1054","page","type-page","status-publish","hentry"],"_links":{"self":[{"href":"https:\/\/ceccarcovasna.ro\/ro\/wp-json\/wp\/v2\/pages\/1054","targetHints":{"allow":["GET"]}}],"collection":[{"href":"https:\/\/ceccarcovasna.ro\/ro\/wp-json\/wp\/v2\/pages"}],"about":[{"href":"https:\/\/ceccarcovasna.ro\/ro\/wp-json\/wp\/v2\/types\/page"}],"author":[{"embeddable":true,"href":"https:\/\/ceccarcovasna.ro\/ro\/wp-json\/wp\/v2\/users\/1"}],"replies":[{"embeddable":true,"href":"https:\/\/ceccarcovasna.ro\/ro\/wp-json\/wp\/v2\/comments?post=1054"}],"version-history":[{"count":22,"href":"https:\/\/ceccarcovasna.ro\/ro\/wp-json\/wp\/v2\/pages\/1054\/revisions"}],"predecessor-version":[{"id":5573,"href":"https:\/\/ceccarcovasna.ro\/ro\/wp-json\/wp\/v2\/pages\/1054\/revisions\/5573"}],"up":[{"embeddable":true,"href":"https:\/\/ceccarcovasna.ro\/ro\/wp-json\/wp\/v2\/pages\/310"}],"wp:attachment":[{"href":"https:\/\/ceccarcovasna.ro\/ro\/wp-json\/wp\/v2\/media?parent=1054"}],"curies":[{"name":"wp","href":"https:\/\/api.w.org\/{rel}","templated":true}]}}