{"id":300,"date":"2017-10-30T09:32:34","date_gmt":"2017-10-30T09:32:34","guid":{"rendered":"https:\/\/ceccararad.ro\/ro\/?page_id=300"},"modified":"2021-06-09T09:11:13","modified_gmt":"2021-06-09T07:11:13","slug":"recunoasterea-calificarilor-profesionale","status":"publish","type":"page","link":"https:\/\/ceccarcovasna.ro\/ro\/membri\/cum-devin-membru-ceccar\/recunoasterea-calificarilor-profesionale\/","title":{"rendered":"Recunoa\u0219terea calific\u0103rilor profesionale"},"content":{"rendered":"<section   class=\"fw-main-row  auto  fw-section-position-back\"    >\n\t\t\t<div class=\"fw-container\" >\n\t\t<div class=\"fw-row\">\n\t<div id=\"column-69e4cc4d372b8\" class=\"fw-col-sm-12 tf-sh-4bf7de7076824fb4c351a6d1039d0743\" >\n\t<div class=\"fw-wrap-col-inner clearfix  \"   >\n\t\t\t\t<div class=\"fw-col-inner\">\n\t\t\t<div class=\"fw-text-box tf-sh-b4a496c23a94b122350f1c9e2210e50c \" >\n\t<div class=\"fw-text-inner\">\n\t\t<p><strong><span style=\"font-size: 12pt;\">Recunoa\u0219terea calific\u0103rilor profesionale<\/span><\/strong><\/p>\n\t<\/div>\n<\/div><div class=\"fw-divider-space space-sm  clearfix\"  ><\/div><div class=\"tf-sh-435841a89aa1e8b5e1a52a967d0eb145 fw-tabs fw-tabs-minimal fw-tabs-top  fw-animated-element\"  data-animation-type=\"fadeInRight\" data-animation-delay=\"200\">\n\t<ul class=\"nav nav-tabs nav-justified\">\n\t\t\t\t\t<li class=\"active\">\n\t\t\t\t<a href=\"#tab-cont-435841a89aa1e8b5e1a52a967d0eb145-1\" data-toggle=\"tab\">\n\t\t\t\t\t\n\t\t\t\t\t\t\t\t\t\t<span>Legisla\u0163ie<\/span>\n\t\t\t\t<\/a>\n\t\t\t<\/li>\n\t\t\t\t\t\t\t\t<li >\n\t\t\t\t<a href=\"#tab-cont-435841a89aa1e8b5e1a52a967d0eb145-2\" data-toggle=\"tab\">\n\t\t\t\t\t\n\t\t\t\t\t\t\t\t\t\t<span>Echivalarea calit\u0103\u0163ii de expert contabil \u00een baza titlului de doctor \u00een domeniile finan\u0163e\/contabilitate<\/span>\n\t\t\t\t<\/a>\n\t\t\t<\/li>\n\t\t\t\t\t\t\t\t<li >\n\t\t\t\t<a href=\"#tab-cont-435841a89aa1e8b5e1a52a967d0eb145-3\" data-toggle=\"tab\">\n\t\t\t\t\t\n\t\t\t\t\t\t\t\t\t\t<span>Recunoa\u015fterea calit\u0103\u0163ii de expert contabil sau contabil autorizat pentru cet\u0103\u0163enii care au dob\u00e2ndit calificarea pe teritoriul unor state membre ale UE<\/span>\n\t\t\t\t<\/a>\n\t\t\t<\/li>\n\t\t\t\t\t\t\t\t<li >\n\t\t\t\t<a href=\"#tab-cont-435841a89aa1e8b5e1a52a967d0eb145-4\" data-toggle=\"tab\">\n\t\t\t\t\t\n\t\t\t\t\t\t\t\t\t\t<span>Recunoa\u015fterea calit\u0103\u0163ii de expert contabil sau contabil autorizat pentru cet\u0103\u0163enii care au dob\u00e2ndit calificarea pe teritoriul unor state ter\u0163e (nemembre UE)<\/span>\n\t\t\t\t<\/a>\n\t\t\t<\/li>\n\t\t\t\t\t\t\t\t<li >\n\t\t\t\t<a href=\"#tab-cont-435841a89aa1e8b5e1a52a967d0eb145-5\" data-toggle=\"tab\">\n\t\t\t\t\t\n\t\t\t\t\t\t\t\t\t\t<span>Acordarea dreptului de exercitare a profesiei de expert contabil \u015fi contabil autorizat cet\u0103\u0163enilor altor state membre care doresc s\u0103 furnizeze servicii profesionale pe teritoriul Rom\u00e2niei, cu titlu temporar sau ocazional<\/span>\n\t\t\t\t<\/a>\n\t\t\t<\/li>\n\t\t\t\t\t\t\t\t<li >\n\t\t\t\t<a href=\"#tab-cont-435841a89aa1e8b5e1a52a967d0eb145-6\" data-toggle=\"tab\">\n\t\t\t\t\t\n\t\t\t\t\t\t\t\t\t\t<span>Modalitatea de recunoa\u015ftere a titlului profesional acordat de CECCAR pe teritoriul altor state<\/span>\n\t\t\t\t<\/a>\n\t\t\t<\/li>\n\t\t\t\t\t\t\t\t<li >\n\t\t\t\t<a href=\"#tab-cont-435841a89aa1e8b5e1a52a967d0eb145-7\" data-toggle=\"tab\">\n\t\t\t\t\t\n\t\t\t\t\t\t\t\t\t\t<span>Link-uri utile<\/span>\n\t\t\t\t<\/a>\n\t\t\t<\/li>\n\t\t\t\t\t\t<\/ul>\n\n\t<div class=\"tab-content clearfix\">\n\t\t\t\t\t<div id=\"tab-cont-435841a89aa1e8b5e1a52a967d0eb145-1\"\n\t\t\t     class=\"tab-pane fade in active\">\n\t\t\t\t\n\t\t\t\t\t\t\t\t\t<h5><strong><a href=\"https:\/\/ceccar.ro\/ro\/?page_id=4854\"> \u27a1 Legisla\u0163ie<\/a><\/strong><\/h5>\t\t\t\t\t\t\t<\/div>\n\t\t\t\t\t\t<div id=\"tab-cont-435841a89aa1e8b5e1a52a967d0eb145-2\"\n\t\t\t     class=\"tab-pane fade \">\n\t\t\t\t\n\t\t\t\t\t\t\t\t\t<h5><strong><a href=\"https:\/\/ceccar.ro\/ro\/?page_id=4867\"> \u27a1 Echivalarea calit\u0103\u0163ii de expert contabil \u00een baza titlului de doctor \u00een domeniile finan\u0163e\/contabilitate<\/a><\/strong><\/h5>\t\t\t\t\t\t\t<\/div>\n\t\t\t\t\t\t<div id=\"tab-cont-435841a89aa1e8b5e1a52a967d0eb145-3\"\n\t\t\t     class=\"tab-pane fade \">\n\t\t\t\t\n\t\t\t\t\t\t\t\t\t<h5><strong><a href=\"https:\/\/ceccar.ro\/ro\/?page_id=4870\"> \u27a1 Recunoa\u015fterea calit\u0103\u0163ii de expert contabil sau contabil autorizat pentru cet\u0103\u0163enii care au dob\u00e2ndit calificarea pe teritoriul unor state membre ale UE<\/a><\/strong><\/h5>\t\t\t\t\t\t\t<\/div>\n\t\t\t\t\t\t<div id=\"tab-cont-435841a89aa1e8b5e1a52a967d0eb145-4\"\n\t\t\t     class=\"tab-pane fade \">\n\t\t\t\t\n\t\t\t\t\t\t\t\t\t<h5><a href=\"https:\/\/ceccar.ro\/ro\/?page_id=8353\"><strong> \u27a1 Recunoa\u015fterea calit\u0103\u0163ii de expert contabil sau contabil autorizat pentru cet\u0103\u0163enii care au dob\u00e2ndit calificarea pe teritoriul unor state ter\u0163e (nemembre UE)<\/strong><\/a><\/h5>\t\t\t\t\t\t\t<\/div>\n\t\t\t\t\t\t<div id=\"tab-cont-435841a89aa1e8b5e1a52a967d0eb145-5\"\n\t\t\t     class=\"tab-pane fade \">\n\t\t\t\t\n\t\t\t\t\t\t\t\t\t<h5><strong><a href=\"https:\/\/ceccar.ro\/ro\/?page_id=4884\"> \u27a1 Acordarea dreptului de exercitare a profesiei de expert contabil \u015fi contabil autorizat cet\u0103\u0163enilor altor state membre care doresc s\u0103 furnizeze servicii profesionale pe teritoriul Rom\u00e2niei, cu titlu temporar sau ocazional<\/a><\/strong><\/h5>\t\t\t\t\t\t\t<\/div>\n\t\t\t\t\t\t<div id=\"tab-cont-435841a89aa1e8b5e1a52a967d0eb145-6\"\n\t\t\t     class=\"tab-pane fade \">\n\t\t\t\t\n\t\t\t\t\t\t\t\t\t<h5><a href=\"https:\/\/ceccar.ro\/ro\/?page_id=4892\"><strong> \u27a1 Modalitatea de recunoa\u015ftere a titlului profesional acordat de CECCAR pe teritoriul altor state<\/strong><\/a><\/h5>\t\t\t\t\t\t\t<\/div>\n\t\t\t\t\t\t<div id=\"tab-cont-435841a89aa1e8b5e1a52a967d0eb145-7\"\n\t\t\t     class=\"tab-pane fade \">\n\t\t\t\t\n\t\t\t\t\t\t\t\t\t<h5><a href=\"https:\/\/ceccar.ro\/ro\/?page_id=8388\"><strong> \u27a1 Link-uri utile<\/strong><\/a><\/h5>\t\t\t\t\t\t\t<\/div>\n\t\t\t\t<\/div>\n<\/div><div class=\"fw-divider-space space-sm  clearfix\"  ><\/div>\t\t<\/div>\n\t<\/div>\n<\/div><\/div>\n\n\t<\/div>\n\t<\/section>\n","protected":false},"excerpt":{"rendered":"<p>Recunoa\u0219terea calific\u0103rilor profesionale Legisla\u0163ie Echivalarea calit\u0103\u0163ii de expert contabil \u00een baza titlului de doctor \u00een domeniile finan\u0163e\/contabilitate Recunoa\u015fterea calit\u0103\u0163ii de expert contabil sau contabil autorizat pentru cet\u0103\u0163enii care au dob\u00e2ndit calificarea pe teritoriul unor state [&hellip;]<\/p>\n","protected":false},"author":1,"featured_media":0,"parent":288,"menu_order":0,"comment_status":"closed","ping_status":"closed","template":"visual-builder-template.php","meta":{"footnotes":""},"class_list":["post-300","page","type-page","status-publish","hentry"],"_links":{"self":[{"href":"https:\/\/ceccarcovasna.ro\/ro\/wp-json\/wp\/v2\/pages\/300","targetHints":{"allow":["GET"]}}],"collection":[{"href":"https:\/\/ceccarcovasna.ro\/ro\/wp-json\/wp\/v2\/pages"}],"about":[{"href":"https:\/\/ceccarcovasna.ro\/ro\/wp-json\/wp\/v2\/types\/page"}],"author":[{"embeddable":true,"href":"https:\/\/ceccarcovasna.ro\/ro\/wp-json\/wp\/v2\/users\/1"}],"replies":[{"embeddable":true,"href":"https:\/\/ceccarcovasna.ro\/ro\/wp-json\/wp\/v2\/comments?post=300"}],"version-history":[{"count":27,"href":"https:\/\/ceccarcovasna.ro\/ro\/wp-json\/wp\/v2\/pages\/300\/revisions"}],"predecessor-version":[{"id":5870,"href":"https:\/\/ceccarcovasna.ro\/ro\/wp-json\/wp\/v2\/pages\/300\/revisions\/5870"}],"up":[{"embeddable":true,"href":"https:\/\/ceccarcovasna.ro\/ro\/wp-json\/wp\/v2\/pages\/288"}],"wp:attachment":[{"href":"https:\/\/ceccarcovasna.ro\/ro\/wp-json\/wp\/v2\/media?parent=300"}],"curies":[{"name":"wp","href":"https:\/\/api.w.org\/{rel}","templated":true}]}}