{"id":513,"date":"2018-10-21T11:36:25","date_gmt":"2018-10-21T09:36:25","guid":{"rendered":"https:\/\/ceccararad.ro\/ro\/?page_id=513"},"modified":"2020-09-02T11:31:48","modified_gmt":"2020-09-02T09:31:48","slug":"normele-1044","status":"publish","type":"page","link":"https:\/\/ceccarcovasna.ro\/ro\/legislatie\/reglementari-ceccar\/normele-1044\/","title":{"rendered":"NORMELE nr. 1044\/2010 privind \u00eembun\u0103t\u0103\u0163irea activit\u0103\u0163ii de expertiz\u0103 contabil\u0103 judiciar\u0103"},"content":{"rendered":"<section   class=\"fw-main-row  auto  fw-section-position-back\"    >\n\t\t\t<div class=\"fw-container\" >\n\t\t<div class=\"fw-row\">\n\t<div id=\"column-69e0d11d6ce18\" class=\"fw-col-sm-12 tf-sh-4bf7de7076824fb4c351a6d1039d0743\" >\n\t<div class=\"fw-wrap-col-inner clearfix  \"   >\n\t\t\t\t<div class=\"fw-col-inner\">\n\t\t\t<div class=\"fw-text-box tf-sh-b4a496c23a94b122350f1c9e2210e50c \" >\n\t<div class=\"fw-text-inner\">\n\t\t<p><strong>NORMELE nr. 1044\/2010 privind \u00eembun\u0103t\u0103\u0163irea activit\u0103\u0163ii de expertiz\u0103 contabil\u0103 judiciar\u0103<\/strong><\/p>\n\t<\/div>\n<\/div><div class=\"fw-divider-space space-sm  clearfix\"  ><\/div><div class=\"fw-text-box tf-sh-6fdcade22651ea4721a03bdb15c73767 \" >\n\t<div class=\"fw-text-inner\">\n\t\t<h1><a href=\"https:\/\/ceccar.ro\/ro\/?page_id=612\"><span style=\"font-size: 14pt; color: #0000ff;\">NORMELE nr. 1044\/2010 privind \u00eembun\u0103t\u0103\u0163irea activit\u0103\u0163ii de expertiz\u0103 contabil\u0103 judiciar\u0103, aprobate prin Hot\u0103r\u00e2rea Consiliului Superior al CECCAR nr. 10\/200 din 21.07.2010, cu modific\u0103rile ulterioare<\/span><\/a><\/h1>\n\t<\/div>\n<\/div>\t\t<\/div>\n\t<\/div>\n<\/div><\/div>\n\n\t<\/div>\n\t<\/section>\n","protected":false},"excerpt":{"rendered":"<p>NORMELE nr. 1044\/2010 privind \u00eembun\u0103t\u0103\u0163irea activit\u0103\u0163ii de expertiz\u0103 contabil\u0103 judiciar\u0103 NORMELE nr. 1044\/2010 privind \u00eembun\u0103t\u0103\u0163irea activit\u0103\u0163ii de expertiz\u0103 contabil\u0103 judiciar\u0103, aprobate prin Hot\u0103r\u00e2rea Consiliului Superior al CECCAR nr. 10\/200 din 21.07.2010, cu modific\u0103rile ulterioare<\/p>\n","protected":false},"author":1,"featured_media":0,"parent":347,"menu_order":0,"comment_status":"closed","ping_status":"closed","template":"visual-builder-template.php","meta":{"footnotes":""},"class_list":["post-513","page","type-page","status-publish","hentry"],"_links":{"self":[{"href":"https:\/\/ceccarcovasna.ro\/ro\/wp-json\/wp\/v2\/pages\/513","targetHints":{"allow":["GET"]}}],"collection":[{"href":"https:\/\/ceccarcovasna.ro\/ro\/wp-json\/wp\/v2\/pages"}],"about":[{"href":"https:\/\/ceccarcovasna.ro\/ro\/wp-json\/wp\/v2\/types\/page"}],"author":[{"embeddable":true,"href":"https:\/\/ceccarcovasna.ro\/ro\/wp-json\/wp\/v2\/users\/1"}],"replies":[{"embeddable":true,"href":"https:\/\/ceccarcovasna.ro\/ro\/wp-json\/wp\/v2\/comments?post=513"}],"version-history":[{"count":29,"href":"https:\/\/ceccarcovasna.ro\/ro\/wp-json\/wp\/v2\/pages\/513\/revisions"}],"predecessor-version":[{"id":3934,"href":"https:\/\/ceccarcovasna.ro\/ro\/wp-json\/wp\/v2\/pages\/513\/revisions\/3934"}],"up":[{"embeddable":true,"href":"https:\/\/ceccarcovasna.ro\/ro\/wp-json\/wp\/v2\/pages\/347"}],"wp:attachment":[{"href":"https:\/\/ceccarcovasna.ro\/ro\/wp-json\/wp\/v2\/media?parent=513"}],"curies":[{"name":"wp","href":"https:\/\/api.w.org\/{rel}","templated":true}]}}