{"id":623,"date":"2018-10-21T16:10:13","date_gmt":"2018-10-21T14:10:13","guid":{"rendered":"https:\/\/ceccararad.ro\/ro\/?page_id=623"},"modified":"2020-09-02T11:34:21","modified_gmt":"2020-09-02T09:34:21","slug":"ordonanta-nr-651994","status":"publish","type":"page","link":"https:\/\/ceccarcovasna.ro\/ro\/legislatie\/reglementari-ceccar\/ordonanta-nr-651994\/","title":{"rendered":"ORDONAN\u0162A Nr. 65\/1994 din 19 august 1994 privind organizarea activit\u0103\u0163ii de expertiz\u0103 contabil\u0103 \u015fi a contabililor autoriza\u0163i cu modific\u0103rile ulterioare"},"content":{"rendered":"<section   class=\"fw-main-row  auto  fw-section-position-back\"    >\n\t\t\t<div class=\"fw-container\" >\n\t\t<div class=\"fw-row\">\n\t<div id=\"column-69e4cbfd39bd4\" class=\"fw-col-sm-12 tf-sh-4bf7de7076824fb4c351a6d1039d0743\" >\n\t<div class=\"fw-wrap-col-inner clearfix  \"   >\n\t\t\t\t<div class=\"fw-col-inner\">\n\t\t\t<div class=\"fw-text-box tf-sh-b4a496c23a94b122350f1c9e2210e50c \" >\n\t<div class=\"fw-text-inner\">\n\t\t<p><strong>ORDONAN\u0162A Nr. 65\/1994 din 19 august 1994 privind organizarea activit\u0103\u0163ii de expertiz\u0103 contabil\u0103 \u015fi a contabililor autoriza\u0163i cu modific\u0103rile ulterioare<\/strong><\/p>\n\t<\/div>\n<\/div><div class=\"fw-divider-space space-sm  clearfix\"  ><\/div><div class=\"fw-text-box tf-sh-a8ea509ab033c84e21807040e50a302f \" >\n\t<div class=\"fw-text-inner\">\n\t\t<h1><a href=\"https:\/\/ceccar.ro\/ro\/?page_id=21\"><span style=\"font-size: 14pt; color: #0000ff;\">ORDONAN\u0162A Nr. 65\/1994 din 19 august 1994 privind organizarea activit\u0103\u0163ii de expertiz\u0103 contabil\u0103 \u015fi a contabililor autoriza\u0163i cu modific\u0103rile ulterioare<\/span><\/a><\/h1>\n\t<\/div>\n<\/div>\t\t<\/div>\n\t<\/div>\n<\/div><\/div>\n\n\t<\/div>\n\t<\/section>\n","protected":false},"excerpt":{"rendered":"<p>ORDONAN\u0162A Nr. 65\/1994 din 19 august 1994 privind organizarea activit\u0103\u0163ii de expertiz\u0103 contabil\u0103 \u015fi a contabililor autoriza\u0163i cu modific\u0103rile ulterioare ORDONAN\u0162A Nr. 65\/1994 din 19 august 1994 privind organizarea activit\u0103\u0163ii de expertiz\u0103 contabil\u0103 \u015fi a [&hellip;]<\/p>\n","protected":false},"author":1,"featured_media":0,"parent":347,"menu_order":0,"comment_status":"closed","ping_status":"closed","template":"visual-builder-template.php","meta":{"footnotes":""},"class_list":["post-623","page","type-page","status-publish","hentry"],"_links":{"self":[{"href":"https:\/\/ceccarcovasna.ro\/ro\/wp-json\/wp\/v2\/pages\/623","targetHints":{"allow":["GET"]}}],"collection":[{"href":"https:\/\/ceccarcovasna.ro\/ro\/wp-json\/wp\/v2\/pages"}],"about":[{"href":"https:\/\/ceccarcovasna.ro\/ro\/wp-json\/wp\/v2\/types\/page"}],"author":[{"embeddable":true,"href":"https:\/\/ceccarcovasna.ro\/ro\/wp-json\/wp\/v2\/users\/1"}],"replies":[{"embeddable":true,"href":"https:\/\/ceccarcovasna.ro\/ro\/wp-json\/wp\/v2\/comments?post=623"}],"version-history":[{"count":14,"href":"https:\/\/ceccarcovasna.ro\/ro\/wp-json\/wp\/v2\/pages\/623\/revisions"}],"predecessor-version":[{"id":3935,"href":"https:\/\/ceccarcovasna.ro\/ro\/wp-json\/wp\/v2\/pages\/623\/revisions\/3935"}],"up":[{"embeddable":true,"href":"https:\/\/ceccarcovasna.ro\/ro\/wp-json\/wp\/v2\/pages\/347"}],"wp:attachment":[{"href":"https:\/\/ceccarcovasna.ro\/ro\/wp-json\/wp\/v2\/media?parent=623"}],"curies":[{"name":"wp","href":"https:\/\/api.w.org\/{rel}","templated":true}]}}